{"id":10,"date":"2017-12-01T17:36:35","date_gmt":"2017-12-01T17:36:35","guid":{"rendered":"http:\/\/ff-rossbach.at\/wordpress\/?page_id=10"},"modified":"2019-10-10T17:21:16","modified_gmt":"2019-10-10T17:21:16","slug":"geschichte","status":"publish","type":"page","link":"http:\/\/ff-rossbach.at\/?page_id=10","title":{"rendered":"Geschichte"},"content":{"rendered":"<h2>Entstehung der Freiwilligen Feuerwehr Ro\u00dfbach<\/h2>\n<p>Die FF Ro\u00dfbach ist mit ihrem Gr\u00fcndungsjahr 1895 die \u00e4lteste in der Gemeinde und wie ihre Geschichte zeigt auch die Stammmutter der beiden anderen Feuerwehren in der Gemeinde. Dieses Jahr gilt zwar als offizielles Gr\u00fcndungsdatum, erstaunlicher-weise wird in der Chronik der FF Polling aber schon 1894 erw\u00e4hnt, dass bei einem Brand die Feuerwehr Ro\u00dfbach zur Hilfe eilte.<br \/>\nLaut Gesetz mussten n\u00e4mlich L\u00f6schger\u00e4te in der Gemeinde vorhanden sein, deren Bedienung oder Wartung war aber Sache der Gemeinde bzw. des B\u00fcrgermeisters.<\/p>\n<p>Ausl\u00f6sendes Moment f\u00fcr die Gr\u00fcndung einer Feuerwehr in Ro\u00dfbach war der Brand des Kirchenturmes im Jahr 1890. Trotzdem dauerte es f\u00fcnf Jahre bis die Freiwillige Feuerwehr ins Leben gerufen wurde. Erster Kommandant oder nach damaliger Bezeichnung Hauptmann wurde Franz Bernroitner, Meister z\u00b4 Hub.<\/p>\n<p><img decoding=\"async\" loading=\"lazy\" class=\"alignright size-medium wp-image-162\" src=\"http:\/\/ff-rossbach.at\/wp-content\/uploads\/2018\/03\/1912-1-60p-300x214.jpg\" alt=\"\" width=\"300\" height=\"214\" srcset=\"http:\/\/ff-rossbach.at\/wp-content\/uploads\/2018\/03\/1912-1-60p-300x214.jpg 300w, http:\/\/ff-rossbach.at\/wp-content\/uploads\/2018\/03\/1912-1-60p-768x547.jpg 768w, http:\/\/ff-rossbach.at\/wp-content\/uploads\/2018\/03\/1912-1-60p-1024x729.jpg 1024w, http:\/\/ff-rossbach.at\/wp-content\/uploads\/2018\/03\/1912-1-60p-421x300.jpg 421w, http:\/\/ff-rossbach.at\/wp-content\/uploads\/2018\/03\/1912-1-60p.jpg 1052w\" sizes=\"(max-width: 300px) 100vw, 300px\" \/><\/p>\n<p>Die schriftlichen Unterlagen aus der Anfangszeit sind naturgem\u00e4\u00df etwas d\u00fcrftig. Das erste Feuerwehrfest am 25.8.1907 wurde aber schon etwas ausf\u00fchrlicher behandelt.<br \/>\nAnlass des Festes war die Weihe der Fahne, diese kostete damals 600 Kronen.<br \/>\nEine weitere gr\u00f6\u00dfere Beschaffung aus dieser Zeit war der Bau einer Spritzenhalle, oder wie wir heute sagen w\u00fcrden einer Zeugst\u00e4tte, auf der ehemaligen Wirtswiese neben dem L\u00f6schweiher. Sie wurde am 17.9.1911 eingeweiht, erhielt erst 1960 einen Betonboden und diente bis ins Jahr 1990 als St\u00fctzpunkt unserer Feuerwehr.<\/p>\n<p><img decoding=\"async\" loading=\"lazy\" class=\"alignright size-medium wp-image-163\" src=\"http:\/\/ff-rossbach.at\/wp-content\/uploads\/2018\/03\/Fahne-1905-238x300.jpg\" alt=\"\" width=\"238\" height=\"300\" srcset=\"http:\/\/ff-rossbach.at\/wp-content\/uploads\/2018\/03\/Fahne-1905-238x300.jpg 238w, http:\/\/ff-rossbach.at\/wp-content\/uploads\/2018\/03\/Fahne-1905-768x967.jpg 768w, http:\/\/ff-rossbach.at\/wp-content\/uploads\/2018\/03\/Fahne-1905-813x1024.jpg 813w\" sizes=\"(max-width: 238px) 100vw, 238px\" \/><\/p>\n<p>Die Geschichte eines Vereins oder einer Organisation wie der Feuerwehr steht immer unter dem Einfluss des Zeitgeschehens. Der Erste Weltkrieg forderte einen ersten gr\u00f6\u00dferen Aderlass und die nachfolgende Inflation trug auch nicht zur Hebung der Feuerwehrschlagkraft bei.<br \/>\nDoch nicht nur die Politik nimmt Einfluss auf die Feuerwehr, sondern auch die Technik.<br \/>\nMit der Zeit zeigte sich, dass die bisherige Handpumpe nicht mehr ausreichte. Eine Motorspritze musste her. Um Diese mitzufinanzieren wurde am 28.5.1933 anl\u00e4sslich einer Fahnenbandweihe ein Feuerwehrfest abgehalten. Der Erl\u00f6s war solcherart, dass im Herbst schon bei der Firma Vierlinger in Biburg eine Motorspritze samt allen ben\u00f6tigten Armaturen und zweiachsigen Spritzenwagen im Wert von 4500 \u00d6S bestellt werden konnte.<br \/>\nW\u00e4hrend die Pumpe bis 1962 bei der FF Ro\u00dfbach in Ben\u00fctzung war, dauerte die Dienstzeit des Anh\u00e4ngers bis 1985. Anfangs von Pferden, wurde er 1959 auf Gummir\u00e4der umgebaut und nun von Traktoren gezogen.<\/p>\n<p>Organisatorisch waren die Feuerwehren bisher Vereine, doch mit dem politischen System in \u00d6sterreich \u00e4nderte sich das. Die Feuerwehr wurde nun eine K\u00f6rperschaft \u00f6ffentlichen Rechtes. Ihre Struktur wurde straffer und die Landesverb\u00e4nde und der Staat nahmen mehr Einfluss. Doch dies dauerte nur einige Jahre, mit dem Anschluss \u00d6sterreichs fiel das Feuerwehrwesen unter das deutsche Polizeirecht. Die Freiwilligen Feuerwehren waren jetzt Hilfsfeuerschutzpolizei. F\u00fcr Ro\u00dfbach bedeutete dies unter anderem, dass die noch junge FF Fraham wieder ein L\u00f6schzug wurde.<br \/>\nF\u00fcr den folgende Krieg mu\u00dften wieder Kameraden einr\u00fccken und als das Gro\u00dfdeutsche Reich zusammenbrach waren viele gefallen oder in Gefangenschaft.<br \/>\nAls Organisation des Dritten Reiches wurde die Hilfsfeuerschutzpolizei aufgel\u00f6st und zum selben Zeitpunkt als Freiwillige Feuerwehr neu gegr\u00fcndet. Das h\u00f6rt sich zwar kompliziert an, war aber aus juristischen Gr\u00fcnden notwendig.<br \/>\nDas ins Jahr 1945 fallende 50-J\u00e4hrige Jubil\u00e4um der FF Ro\u00dfbach konnte aus verst\u00e4ndlichen Gr\u00fcnden nicht gefeiert werden, aber mit den heimkehrenden Kameraden kehrte wieder langsam die Normalit\u00e4t zur\u00fcck.<br \/>\nAuch der L\u00f6schzug Fraham wurde 1946 wieder die FF Fraham. F\u00fcnf Jahre sp\u00e4ter machte sich auch der L\u00f6schzug R\u00f6dham selbstst\u00e4ndig und gr\u00fcndete die FF R\u00f6dham.<br \/>\nEin H\u00f6hepunkt im Geschehen der FF Ro\u00dfbach in dieser Zeit, war aber das 60-J\u00e4hrige Jubil\u00e4um, welches am 26.5.1955 gefeiert wurde.<\/p>\n<p><img decoding=\"async\" loading=\"lazy\" class=\"alignright size-medium wp-image-164\" src=\"http:\/\/ff-rossbach.at\/wp-content\/uploads\/2018\/03\/1960-1-300x194.jpg\" alt=\"\" width=\"300\" height=\"194\" srcset=\"http:\/\/ff-rossbach.at\/wp-content\/uploads\/2018\/03\/1960-1-300x194.jpg 300w, http:\/\/ff-rossbach.at\/wp-content\/uploads\/2018\/03\/1960-1-768x498.jpg 768w, http:\/\/ff-rossbach.at\/wp-content\/uploads\/2018\/03\/1960-1-1024x664.jpg 1024w, http:\/\/ff-rossbach.at\/wp-content\/uploads\/2018\/03\/1960-1-463x300.jpg 463w, http:\/\/ff-rossbach.at\/wp-content\/uploads\/2018\/03\/1960-1.jpg 1753w\" sizes=\"(max-width: 300px) 100vw, 300px\" \/><\/p>\n<p>Doch zur\u00fcck zur Geschichte und zur Feuerwehr: Doch nun wieder etwas Technik, bei Feuer erfolgte die Alarmierung seit der Gr\u00fcndung mittels Kirchenglocke oder dem Signalhorn. Das war aber nun nicht im Geringsten zeitgem\u00e4\u00df. Bei der Jahreshauptversammlung 1957 wurde der Ankauf einer Sirene beschlossen und schon Ende Mai dieses Jahres auf dem Dach des damaligen Gemeindeamtes installiert. Der Standplatz dieser Sirene ist heute das Dach des Schlauchturmes und ist bis auf einige Ersatzteile noch immer das Original.<br \/>\n1962 wurde dann die Motorspritze aus dem Jahr 1933, durch ein neues Modell der Braunauer Firma Gugg ersetzt. Doch auch die Fahne kam in die Jahre und 1975 wurde die Einweihung einer neuen Fahne mit den \u00f6rtlichen Vereinen gefeiert.<br \/>\nAber auch mit unserem Spritzenanh\u00e4nger war kein Staat mehr zu machen. So wurde 1985 ein ausgemusterter VW Doppelkabiner der Stra\u00dfenmeisterei gekauft und in Eigenregie zu einem L\u00f6schfahrzeug ausgebaut.<br \/>\nDieses Fahrzeug hatte in unserer damaligen Zeugst\u00e4tte gerade noch Platz und es wurde in den folgenden Jahren immer \u00f6fter \u00fcber einen Neubau nachgedacht. Von der Gemeinde wurde in der Folgezeit der so genannte Emhofergrund gekauft und es wurde begonnen dort ein Geb\u00e4ude zu errichten, welches Bauhof und Zeugst\u00e4tte beherbergen sollte. Bis zu unserem provisorischen Einzug 1990 wurden dabei von unserer Wehr knapp 250.000 \u00d6S an Arbeits- und Sachleistungen beigesteuert.<br \/>\n1992 ging unser L\u00f6schfahrzeug den Weg alles Eisens, die M\u00e4ngel am Fahrzeug waren inzwischen so enorm, dass ein VW Bus mit Anh\u00e4nger gekauft wurde um Mannschaft und Material zu transportieren. Aber ein ordnungsgem\u00e4\u00dfes Feuerwehrfahrzeug, nicht ein selbst zusammengeschustertes, stand auf dem Wunschzettel der FF Ro\u00dfbach. Wegen der Anzahl der Haushalte in der Gemeinde wurde TLF-2000 vorgeschrieben. Als dann die Beihilfen von Landesregierung und Landesfeuerwehrkommando genehmigt wurden, holten wir von verschiedenen Firmen Kostenvoranschl\u00e4ge ein.<br \/>\nDas bei der Firma Rosenbauer bestellte Fahrzeug wurde dann am 7.11. 1994 ausgeliefert und von uns mit gro\u00dfem Hurra empfangen. Der Kostenanteil der FF Ro\u00dfbach betrug damals, mit noch ben\u00f6tigten Ausr\u00fcstungsgegenst\u00e4nden rund 265.000 \u00d6S.<\/p>\n<p><img decoding=\"async\" loading=\"lazy\" class=\"alignright size-medium wp-image-165\" src=\"http:\/\/ff-rossbach.at\/wp-content\/uploads\/2018\/03\/ff-1984-300x200.jpg\" alt=\"\" width=\"300\" height=\"200\" srcset=\"http:\/\/ff-rossbach.at\/wp-content\/uploads\/2018\/03\/ff-1984-300x200.jpg 300w, http:\/\/ff-rossbach.at\/wp-content\/uploads\/2018\/03\/ff-1984-768x513.jpg 768w, http:\/\/ff-rossbach.at\/wp-content\/uploads\/2018\/03\/ff-1984-1024x684.jpg 1024w, http:\/\/ff-rossbach.at\/wp-content\/uploads\/2018\/03\/ff-1984-449x300.jpg 449w, http:\/\/ff-rossbach.at\/wp-content\/uploads\/2018\/03\/ff-1984.jpg 1725w\" sizes=\"(max-width: 300px) 100vw, 300px\" \/><\/p>\n<p>Am 12. und 13.8.1995 feierte unsere Wehr mit einem gro\u00dfen Fest ihr 100j\u00e4hriges Bestehen bei dem Fahrzeug und Zeugst\u00e4tte gesegnet und offiziell ihrer Bestimmung \u00fcbergeben wurden.<br \/>\nDer VW Bus wurde wiederum in Eigenregie zu einem Kommandofahrzeug umgebaut, welches dann 2003 gegen einen Renaultbus ausgetauscht wurde.<img decoding=\"async\" loading=\"lazy\" class=\"alignright size-medium wp-image-166\" src=\"http:\/\/ff-rossbach.at\/wp-content\/uploads\/2018\/03\/ff-1995-1054-300x211.jpg\" alt=\"\" width=\"300\" height=\"211\" srcset=\"http:\/\/ff-rossbach.at\/wp-content\/uploads\/2018\/03\/ff-1995-1054-300x211.jpg 300w, http:\/\/ff-rossbach.at\/wp-content\/uploads\/2018\/03\/ff-1995-1054-768x539.jpg 768w, http:\/\/ff-rossbach.at\/wp-content\/uploads\/2018\/03\/ff-1995-1054-1024x719.jpg 1024w, http:\/\/ff-rossbach.at\/wp-content\/uploads\/2018\/03\/ff-1995-1054-427x300.jpg 427w, http:\/\/ff-rossbach.at\/wp-content\/uploads\/2018\/03\/ff-1995-1054.jpg 1054w\" sizes=\"(max-width: 300px) 100vw, 300px\" \/><br \/>\nIn den Folgejahren wurde immer wieder Ausr\u00fcstung zugekauft und heute braucht die FF Ro\u00dfbach keinen Vergleich zu scheuen.<br \/>\nWenn bisher nur von Technik und Festen berichtet wurde, so hei\u00dft das nicht, dass die Feuerwehr sonst nichts zu tun hatte. In unserer Chronik wird sehr wohl von Eins\u00e4tzen berichtet. Waren es Anfangs haupts\u00e4chlich Br\u00e4nde zu denen die Feuerwehr gerufen wurde, so kamen seit den Achtziger Jahren immer mehr Technische Eins\u00e4tze dazu. So standen 2006 f\u00fcr die FF Ro\u00dfbach 7 Br\u00e4nde, mit 142 Mannstunden, 21 Technische Eins\u00e4tze, mit 389 Stunden gegen\u00fcber. 2004 waren es gar nur 1 Brand und 16 Technische Eins\u00e4tze. Aber wenn man an den Brand des Wirtes in Ro\u00dfbach 1997 denkt, so ist so ein Gro\u00dffeuer doch viel beeindruckender als zum Vergleich das Binden einer kilometerlangen \u00d6lspur<br \/>\nMitte der Achtziger Jahre begann auch ein Aufschwung in der Ausbildung und Bewerbswesen.<\/p>\n","protected":false},"excerpt":{"rendered":"<p>Entstehung der Freiwilligen Feuerwehr Ro\u00dfbach Die FF Ro\u00dfbach ist mit ihrem Gr\u00fcndungsjahr 1895 die \u00e4lteste in der Gemeinde und wie ihre Geschichte zeigt auch die Stammmutter der beiden anderen Feuerwehren in der Gemeinde. Dieses Jahr gilt zwar als offizielles Gr\u00fcndungsdatum, &hellip; <a href=\"http:\/\/ff-rossbach.at\/?page_id=10\">Weiterlesen <span class=\"meta-nav\">&rarr;<\/span><\/a><\/p>\n","protected":false},"author":1,"featured_media":0,"parent":0,"menu_order":0,"comment_status":"closed","ping_status":"closed","template":"","meta":{"footnotes":""},"_links":{"self":[{"href":"http:\/\/ff-rossbach.at\/index.php?rest_route=\/wp\/v2\/pages\/10"}],"collection":[{"href":"http:\/\/ff-rossbach.at\/index.php?rest_route=\/wp\/v2\/pages"}],"about":[{"href":"http:\/\/ff-rossbach.at\/index.php?rest_route=\/wp\/v2\/types\/page"}],"author":[{"embeddable":true,"href":"http:\/\/ff-rossbach.at\/index.php?rest_route=\/wp\/v2\/users\/1"}],"replies":[{"embeddable":true,"href":"http:\/\/ff-rossbach.at\/index.php?rest_route=%2Fwp%2Fv2%2Fcomments&post=10"}],"version-history":[{"count":7,"href":"http:\/\/ff-rossbach.at\/index.php?rest_route=\/wp\/v2\/pages\/10\/revisions"}],"predecessor-version":[{"id":808,"href":"http:\/\/ff-rossbach.at\/index.php?rest_route=\/wp\/v2\/pages\/10\/revisions\/808"}],"wp:attachment":[{"href":"http:\/\/ff-rossbach.at\/index.php?rest_route=%2Fwp%2Fv2%2Fmedia&parent=10"}],"curies":[{"name":"wp","href":"https:\/\/api.w.org\/{rel}","templated":true}]}}