{"id":14,"date":"2017-12-01T17:37:01","date_gmt":"2017-12-01T17:37:01","guid":{"rendered":"http:\/\/ff-rossbach.at\/wordpress\/?page_id=14"},"modified":"2023-07-24T16:18:17","modified_gmt":"2023-07-24T16:18:17","slug":"ausruestung","status":"publish","type":"page","link":"http:\/\/ff-rossbach.at\/?page_id=14","title":{"rendered":"Ausr\u00fcstung"},"content":{"rendered":"<p>&nbsp;<\/p>\n<p><img decoding=\"async\" loading=\"lazy\" class=\"aligncenter size-full wp-image-1087\" src=\"http:\/\/ff-rossbach.at\/wp-content\/uploads\/2023\/07\/FF-Rossbach9.jpg\" alt=\"\" width=\"3386\" height=\"1775\" srcset=\"http:\/\/ff-rossbach.at\/wp-content\/uploads\/2023\/07\/FF-Rossbach9.jpg 3386w, http:\/\/ff-rossbach.at\/wp-content\/uploads\/2023\/07\/FF-Rossbach9-300x157.jpg 300w, http:\/\/ff-rossbach.at\/wp-content\/uploads\/2023\/07\/FF-Rossbach9-768x403.jpg 768w, http:\/\/ff-rossbach.at\/wp-content\/uploads\/2023\/07\/FF-Rossbach9-1024x537.jpg 1024w, http:\/\/ff-rossbach.at\/wp-content\/uploads\/2023\/07\/FF-Rossbach9-500x262.jpg 500w\" sizes=\"(max-width: 3386px) 100vw, 3386px\" \/><\/p>\n<div>\n<h1><\/h1>\n<h1>KOMMANDOFAHRZEUG<\/h1>\n<\/div>\n<h2>\u00a0<img decoding=\"async\" loading=\"lazy\" class=\"alignright wp-image-89 size-medium\" src=\"http:\/\/ff-rossbach.at\/wp-content\/uploads\/2017\/12\/kdo_1-300x270.jpg\" alt=\"\" width=\"300\" height=\"270\" srcset=\"http:\/\/ff-rossbach.at\/wp-content\/uploads\/2017\/12\/kdo_1-300x270.jpg 300w, http:\/\/ff-rossbach.at\/wp-content\/uploads\/2017\/12\/kdo_1-333x300.jpg 333w, http:\/\/ff-rossbach.at\/wp-content\/uploads\/2017\/12\/kdo_1.jpg 380w\" sizes=\"(max-width: 300px) 100vw, 300px\" \/><\/h2>\n<p>Taktische Bezeichnung: KDO<br \/>\nFunkrufname: Kommando Ro\u00dfbach<br \/>\nBesatzung: 1:8 Mann<br \/>\nFahrzeugtyp: Renault<br \/>\nBaujahr: 2002<\/p>\n<p>&nbsp;<\/p>\n<div>\n<h1><\/h1>\n<hr \/>\n<h1>TANKL\u00d6SCHFAHRZEUG<br \/>\n<img decoding=\"async\" loading=\"lazy\" class=\"wp-image-1064 alignright\" src=\"http:\/\/ff-rossbach.at\/wp-content\/uploads\/2023\/02\/IMG_8786.jpg\" alt=\"\" width=\"284\" height=\"193\" \/><\/h1>\n<p>Taktische Bezeichnung: TLFA-B 2000<br \/>\nFunkrufname : Tank Ro\u00dfbach<br \/>\nBesatzung: 1:8 Mann<br \/>\nFahrzeugtyp: MAN<br \/>\nBaujahr: 2022<\/p>\n<\/div>\n<div><\/div>\n<div>\n<h1><\/h1>\n<hr \/>\n<h1>KLEINL\u00d6SCHFAHRZEUG-Logistik<\/h1>\n<\/div>\n<div>\n<p><img decoding=\"async\" loading=\"lazy\" class=\"alignright size-medium wp-image-114\" src=\"http:\/\/ff-rossbach.at\/wp-content\/uploads\/2017\/12\/DSC02194-300x163.jpg\" alt=\"\" width=\"300\" height=\"163\" srcset=\"http:\/\/ff-rossbach.at\/wp-content\/uploads\/2017\/12\/DSC02194-300x163.jpg 300w, http:\/\/ff-rossbach.at\/wp-content\/uploads\/2017\/12\/DSC02194-768x418.jpg 768w, http:\/\/ff-rossbach.at\/wp-content\/uploads\/2017\/12\/DSC02194-1024x557.jpg 1024w, http:\/\/ff-rossbach.at\/wp-content\/uploads\/2017\/12\/DSC02194-500x272.jpg 500w\" sizes=\"(max-width: 300px) 100vw, 300px\" \/><br \/>\nTaktische Bezeichnung KLFA-L<br \/>\nFunkrufname: Pumpe Ro\u00dfbach<br \/>\nBesatzung: 1:5 Mann<br \/>\nFahrzeugtyp: Mercedes<br \/>\nBaujahr: 2016<\/p>\n<p>&nbsp;<\/p>\n<h5><\/h5>\n<h5><\/h5>\n<\/div>\n<div>\n<h5><\/h5>\n<\/div>\n","protected":false},"excerpt":{"rendered":"<p>&nbsp; KOMMANDOFAHRZEUG \u00a0 Taktische Bezeichnung: KDO Funkrufname: Kommando Ro\u00dfbach Besatzung: 1:8 Mann Fahrzeugtyp: Renault Baujahr: 2002 &nbsp; TANKL\u00d6SCHFAHRZEUG Taktische Bezeichnung: TLFA-B 2000 Funkrufname : Tank Ro\u00dfbach Besatzung: 1:8 Mann Fahrzeugtyp: MAN Baujahr: 2022 KLEINL\u00d6SCHFAHRZEUG-Logistik Taktische Bezeichnung KLFA-L Funkrufname: Pumpe Ro\u00dfbach &hellip; <a href=\"http:\/\/ff-rossbach.at\/?page_id=14\">Weiterlesen <span class=\"meta-nav\">&rarr;<\/span><\/a><\/p>\n","protected":false},"author":1,"featured_media":0,"parent":0,"menu_order":0,"comment_status":"closed","ping_status":"closed","template":"","meta":{"footnotes":""},"_links":{"self":[{"href":"http:\/\/ff-rossbach.at\/index.php?rest_route=\/wp\/v2\/pages\/14"}],"collection":[{"href":"http:\/\/ff-rossbach.at\/index.php?rest_route=\/wp\/v2\/pages"}],"about":[{"href":"http:\/\/ff-rossbach.at\/index.php?rest_route=\/wp\/v2\/types\/page"}],"author":[{"embeddable":true,"href":"http:\/\/ff-rossbach.at\/index.php?rest_route=\/wp\/v2\/users\/1"}],"replies":[{"embeddable":true,"href":"http:\/\/ff-rossbach.at\/index.php?rest_route=%2Fwp%2Fv2%2Fcomments&post=14"}],"version-history":[{"count":29,"href":"http:\/\/ff-rossbach.at\/index.php?rest_route=\/wp\/v2\/pages\/14\/revisions"}],"predecessor-version":[{"id":1088,"href":"http:\/\/ff-rossbach.at\/index.php?rest_route=\/wp\/v2\/pages\/14\/revisions\/1088"}],"wp:attachment":[{"href":"http:\/\/ff-rossbach.at\/index.php?rest_route=%2Fwp%2Fv2%2Fmedia&parent=14"}],"curies":[{"name":"wp","href":"https:\/\/api.w.org\/{rel}","templated":true}]}}