{"id":238,"date":"2018-03-19T13:15:32","date_gmt":"2018-03-19T13:15:32","guid":{"rendered":"http:\/\/ff-rossbach.at\/wordpress\/?page_id=238"},"modified":"2018-03-19T13:17:34","modified_gmt":"2018-03-19T13:17:34","slug":"impressum","status":"publish","type":"page","link":"http:\/\/ff-rossbach.at\/?page_id=238","title":{"rendered":"Impressum"},"content":{"rendered":"<div class=\"textwidget\">\n<p>Freiwillige Feuerwehr Ro\u00dfbach<\/p>\n<p>Ro\u00dfbach 18<\/p>\n<\/div>\n<div class=\"textwidget\">5273 Ro\u00dfbach<br \/>\nTel.: 07724 \/ 8494<\/div>\n<div>E-Mail: feuerwehr.rossbach[-at-]aon.at<\/div>\n<div class=\"textwidget\">\n<p>Kommandant: Patrick Kaiser<\/p>\n<p>&nbsp;<\/p>\n<\/div>\n","protected":false},"excerpt":{"rendered":"<p>Freiwillige Feuerwehr Ro\u00dfbach Ro\u00dfbach 18 5273 Ro\u00dfbach Tel.: 07724 \/ 8494 E-Mail: feuerwehr.rossbach[-at-]aon.at Kommandant: Patrick Kaiser &nbsp;<\/p>\n","protected":false},"author":1,"featured_media":0,"parent":0,"menu_order":0,"comment_status":"closed","ping_status":"closed","template":"","meta":{"footnotes":""},"_links":{"self":[{"href":"http:\/\/ff-rossbach.at\/index.php?rest_route=\/wp\/v2\/pages\/238"}],"collection":[{"href":"http:\/\/ff-rossbach.at\/index.php?rest_route=\/wp\/v2\/pages"}],"about":[{"href":"http:\/\/ff-rossbach.at\/index.php?rest_route=\/wp\/v2\/types\/page"}],"author":[{"embeddable":true,"href":"http:\/\/ff-rossbach.at\/index.php?rest_route=\/wp\/v2\/users\/1"}],"replies":[{"embeddable":true,"href":"http:\/\/ff-rossbach.at\/index.php?rest_route=%2Fwp%2Fv2%2Fcomments&post=238"}],"version-history":[{"count":5,"href":"http:\/\/ff-rossbach.at\/index.php?rest_route=\/wp\/v2\/pages\/238\/revisions"}],"predecessor-version":[{"id":243,"href":"http:\/\/ff-rossbach.at\/index.php?rest_route=\/wp\/v2\/pages\/238\/revisions\/243"}],"wp:attachment":[{"href":"http:\/\/ff-rossbach.at\/index.php?rest_route=%2Fwp%2Fv2%2Fmedia&parent=238"}],"curies":[{"name":"wp","href":"https:\/\/api.w.org\/{rel}","templated":true}]}}